{"id":2,"date":"2025-11-16T01:32:59","date_gmt":"2025-11-16T01:32:59","guid":{"rendered":"https:\/\/renanpolonia.com.br\/trip\/?page_id=2"},"modified":"2025-11-21T23:14:44","modified_gmt":"2025-11-21T23:14:44","slug":"sample-page","status":"publish","type":"page","link":"https:\/\/renanpolonia.com.br\/trip\/","title":{"rendered":"Home"},"content":{"rendered":"\t\t<div data-elementor-type=\"wp-page\" data-elementor-id=\"2\" class=\"elementor elementor-2\" data-elementor-post-type=\"page\">\n\t\t\t\t<div class=\"elementor-element elementor-element-76a2b8f e-con-full e-flex e-con e-parent\" data-id=\"76a2b8f\" data-element_type=\"container\" data-e-type=\"container\">\n\t\t\t\t<div class=\"elementor-element elementor-element-4174435 elementor--h-position-left elementor--v-position-middle elementor-arrows-position-inside elementor-pagination-position-inside elementor-widget elementor-widget-slides\" data-id=\"4174435\" data-element_type=\"widget\" data-e-type=\"widget\" data-settings=\"{&quot;navigation&quot;:&quot;both&quot;,&quot;autoplay&quot;:&quot;yes&quot;,&quot;pause_on_hover&quot;:&quot;yes&quot;,&quot;pause_on_interaction&quot;:&quot;yes&quot;,&quot;autoplay_speed&quot;:5000,&quot;infinite&quot;:&quot;yes&quot;,&quot;transition&quot;:&quot;slide&quot;,&quot;transition_speed&quot;:500}\" data-widget_type=\"slides.default\">\n\t\t\t\t\t\t\t\t\t\t<div class=\"elementor-slides-wrapper elementor-main-swiper swiper\" role=\"region\" aria-roledescription=\"carousel\" aria-label=\"Slides\" dir=\"ltr\" data-animation=\"fadeInUp\">\n\t\t\t\t<div class=\"swiper-wrapper elementor-slides\">\n\t\t\t\t\t\t\t\t\t\t<div class=\"elementor-repeater-item-916d2ae swiper-slide\" role=\"group\" aria-roledescription=\"slide\"><div class=\"swiper-slide-bg\" role=\"img\" aria-label=\"Uluwatu-1\"><\/div><div class=\"swiper-slide-inner\" ><div class=\"swiper-slide-contents\"><div class=\"elementor-slide-heading\">Bali \u2013 The Island of Gods<\/div><\/div><\/div><\/div><div class=\"elementor-repeater-item-71887dd swiper-slide\" role=\"group\" aria-roledescription=\"slide\"><div class=\"swiper-slide-bg\" role=\"img\" aria-label=\"31-AUG0151\"><\/div><div class=\"swiper-slide-inner\" ><div class=\"swiper-slide-contents\"><div class=\"elementor-slide-heading\">Best Surf Trips<\/div><\/div><\/div><\/div><div class=\"elementor-repeater-item-9728e74 swiper-slide\" role=\"group\" aria-roledescription=\"slide\"><div class=\"swiper-slide-bg\" role=\"img\" aria-label=\"Photo-by-Jason-Mclean-03\"><\/div><div class=\"swiper-slide-inner\" ><div class=\"swiper-slide-contents\"><div class=\"elementor-slide-heading\">G-land<\/div><\/div><\/div><\/div>\t\t\t\t<\/div>\n\t\t\t\t\t\t\t\t\t\t\t\t\t\t\t<div class=\"elementor-swiper-button elementor-swiper-button-prev\" role=\"button\" tabindex=\"0\" aria-label=\"Slide anterior\">\n\t\t\t\t\t\t\t<svg aria-hidden=\"true\" class=\"e-font-icon-svg e-eicon-chevron-left\" viewBox=\"0 0 1000 1000\" xmlns=\"http:\/\/www.w3.org\/2000\/svg\"><path d=\"M646 125C629 125 613 133 604 142L308 442C296 454 292 471 292 487 292 504 296 521 308 533L604 854C617 867 629 875 646 875 663 875 679 871 692 858 704 846 713 829 713 812 713 796 708 779 692 767L438 487 692 225C700 217 708 204 708 187 708 171 704 154 692 142 675 129 663 125 646 125Z\"><\/path><\/svg>\t\t\t\t\t\t<\/div>\n\t\t\t\t\t\t<div class=\"elementor-swiper-button elementor-swiper-button-next\" role=\"button\" tabindex=\"0\" aria-label=\"Pr\u00f3ximo slide\">\n\t\t\t\t\t\t\t<svg aria-hidden=\"true\" class=\"e-font-icon-svg e-eicon-chevron-right\" viewBox=\"0 0 1000 1000\" xmlns=\"http:\/\/www.w3.org\/2000\/svg\"><path d=\"M696 533C708 521 713 504 713 487 713 471 708 454 696 446L400 146C388 133 375 125 354 125 338 125 325 129 313 142 300 154 292 171 292 187 292 204 296 221 308 233L563 492 304 771C292 783 288 800 288 817 288 833 296 850 308 863 321 871 338 875 354 875 371 875 388 867 400 854L696 533Z\"><\/path><\/svg>\t\t\t\t\t\t<\/div>\n\t\t\t\t\t\t\t\t\t\t\t\t\t\t\t\t<div class=\"swiper-pagination\"><\/div>\n\t\t\t\t\t\t\t\t\t\t\t\t<\/div>\n\t\t\t\t\t\t\t\t<\/div>\n\t\t\t\t<\/div>\n\t\t<div class=\"elementor-element elementor-element-f5588a4 e-flex e-con-boxed e-con e-parent\" data-id=\"f5588a4\" data-element_type=\"container\" data-e-type=\"container\" data-settings=\"{&quot;background_background&quot;:&quot;classic&quot;}\">\n\t\t\t\t\t<div class=\"e-con-inner\">\n\t\t\t\t<div class=\"elementor-element elementor-element-4087e25 elementor-widget elementor-widget-spacer\" data-id=\"4087e25\" data-element_type=\"widget\" data-e-type=\"widget\" data-widget_type=\"spacer.default\">\n\t\t\t\t\t\t\t<div class=\"elementor-spacer\">\n\t\t\t<div class=\"elementor-spacer-inner\"><\/div>\n\t\t<\/div>\n\t\t\t\t\t\t<\/div>\n\t\t\t\t\t<\/div>\n\t\t\t\t<\/div>\n\t\t<div class=\"elementor-element elementor-element-2c2eea9 e-flex e-con-boxed e-con e-parent\" data-id=\"2c2eea9\" data-element_type=\"container\" data-e-type=\"container\">\n\t\t\t\t\t<div class=\"e-con-inner\">\n\t\t\t\t<div class=\"elementor-element elementor-element-deab196 elementor-widget elementor-widget-heading\" data-id=\"deab196\" data-element_type=\"widget\" data-e-type=\"widget\" data-widget_type=\"heading.default\">\n\t\t\t\t\t<h2 class=\"elementor-heading-title elementor-size-default\">We are all here at your services for everything.<\/h2>\t\t\t\t<\/div>\n\t\t\t\t<div class=\"elementor-element elementor-element-b3ff4d4 elementor-grid-3 elementor-grid-tablet-2 elementor-grid-mobile-1 elementor-widget elementor-widget-loop-grid\" data-id=\"b3ff4d4\" data-element_type=\"widget\" data-e-type=\"widget\" data-settings=\"{&quot;template_id&quot;:212,&quot;_skin&quot;:&quot;post&quot;,&quot;columns&quot;:&quot;3&quot;,&quot;columns_tablet&quot;:&quot;2&quot;,&quot;columns_mobile&quot;:&quot;1&quot;,&quot;edit_handle_selector&quot;:&quot;[data-elementor-type=\\&quot;loop-item\\&quot;]&quot;,&quot;row_gap&quot;:{&quot;unit&quot;:&quot;px&quot;,&quot;size&quot;:&quot;&quot;,&quot;sizes&quot;:[]},&quot;row_gap_tablet&quot;:{&quot;unit&quot;:&quot;px&quot;,&quot;size&quot;:&quot;&quot;,&quot;sizes&quot;:[]},&quot;row_gap_mobile&quot;:{&quot;unit&quot;:&quot;px&quot;,&quot;size&quot;:&quot;&quot;,&quot;sizes&quot;:[]}}\" data-widget_type=\"loop-grid.post\">\n\t\t\t\t<div class=\"elementor-widget-container\">\n\t\t\t\t\t\t\t<div class=\"elementor-loop-container elementor-grid\" role=\"list\">\n\t\t<style id=\"loop-212\">.elementor-212 .elementor-element.elementor-element-a5b139a{--display:flex;box-shadow:0px 0px 5px 0px rgba(0,0,0,0.5);}.elementor-widget-theme-post-featured-image .widget-image-caption{color:var( --e-global-color-text );font-family:var( --e-global-typography-text-font-family ), Sans-serif;font-weight:var( --e-global-typography-text-font-weight );}.elementor-widget-heading .elementor-heading-title{font-family:var( --e-global-typography-primary-font-family ), Sans-serif;font-weight:var( --e-global-typography-primary-font-weight );color:var( --e-global-color-primary );}.elementor-212 .elementor-element.elementor-element-ca06fdd .elementor-heading-title{font-family:\"Roboto\", Sans-serif;font-size:24px;font-weight:600;color:#5B5B5B;}.elementor-212 .elementor-element.elementor-element-ca06fdd{margin:-40px 30px calc(var(--kit-widget-spacing, 0px) + 0px) 0px;padding:10px 010px 10px 10px;background-color:#FFFFFF;}.elementor-widget-text-editor{font-family:var( --e-global-typography-text-font-family ), Sans-serif;font-weight:var( --e-global-typography-text-font-weight );color:var( --e-global-color-text );}.elementor-widget-text-editor.elementor-drop-cap-view-stacked .elementor-drop-cap{background-color:var( --e-global-color-primary );}.elementor-widget-text-editor.elementor-drop-cap-view-framed .elementor-drop-cap, .elementor-widget-text-editor.elementor-drop-cap-view-default .elementor-drop-cap{color:var( --e-global-color-primary );border-color:var( --e-global-color-primary );}<\/style>\t\t<div data-elementor-type=\"loop-item\" data-elementor-id=\"212\" class=\"elementor elementor-212 e-loop-item e-loop-item-49 post-49 trip type-trip status-publish has-post-thumbnail hentry activitie-surfing destination-mentawais trip-type-boat-trips trip-type-surf-trip\" data-elementor-post-type=\"elementor_library\" data-custom-edit-handle=\"1\">\n\t\t\t<div class=\"elementor-element elementor-element-a5b139a e-flex e-con-boxed e-con e-parent\" data-id=\"a5b139a\" data-element_type=\"container\" data-e-type=\"container\">\n\t\t\t\t\t<div class=\"e-con-inner\">\n\t\t\t\t<div class=\"elementor-element elementor-element-8c98a4e elementor-widget elementor-widget-theme-post-featured-image elementor-widget-image\" data-id=\"8c98a4e\" data-element_type=\"widget\" data-e-type=\"widget\" data-widget_type=\"theme-post-featured-image.default\">\n\t\t\t\t\t\t\t\t\t\t\t\t\t\t\t<img fetchpriority=\"high\" decoding=\"async\" width=\"800\" height=\"534\" src=\"https:\/\/renanpolonia.com.br\/trip\/wp-content\/uploads\/2025\/11\/HIGH-RES.-1024x683-1.jpg\" class=\"attachment-large size-large wp-image-95\" alt=\"\" srcset=\"https:\/\/renanpolonia.com.br\/trip\/wp-content\/uploads\/2025\/11\/HIGH-RES.-1024x683-1.jpg 1024w, https:\/\/renanpolonia.com.br\/trip\/wp-content\/uploads\/2025\/11\/HIGH-RES.-1024x683-1-300x200.jpg 300w, https:\/\/renanpolonia.com.br\/trip\/wp-content\/uploads\/2025\/11\/HIGH-RES.-1024x683-1-768x512.jpg 768w\" sizes=\"(max-width: 800px) 100vw, 800px\" \/>\t\t\t\t\t\t\t\t\t\t\t\t\t\t\t<\/div>\n\t\t\t\t<div class=\"elementor-element elementor-element-ca06fdd elementor-widget elementor-widget-heading\" data-id=\"ca06fdd\" data-element_type=\"widget\" data-e-type=\"widget\" data-widget_type=\"heading.default\">\n\t\t\t\t\t<h2 class=\"elementor-heading-title elementor-size-default\">Addiction<\/h2>\t\t\t\t<\/div>\n\t\t\t\t<div class=\"elementor-element elementor-element-6d6da33 elementor-widget elementor-widget-text-editor\" data-id=\"6d6da33\" data-element_type=\"widget\" data-e-type=\"widget\" data-widget_type=\"text-editor.default\">\n\t\t\t\t\t\t\t\t\t<p>Com mais de 15 anos de experi\u00eancia no mar, oferecemos sempre um dos melhores servi\u00e7os e o barco mais confort\u00e1vel do mercado.<\/p>\n<p>Outra caracter\u00edstica importante \u00e9 a velocidade. Velocidade significa menos tempo navegando, checando ondas, se preocupando com a possibilidade de perder sess\u00f5es e mais tempo surfando, explorando e curtindo. O MV Addiction est\u00e1 entre os barcos mais r\u00e1pidos e est\u00e1veis \u200b\u200bdas Ilhas Mentawai. Um luxo que voc\u00ea s\u00f3 percebe depois de uma viagem em um barco como este, mas que faz toda a diferen\u00e7a em rela\u00e7\u00e3o aos charters tradicionais.<\/p>\n<p>A viagem padr\u00e3o do MV Addiction \u00e9 para 10 pessoas. Podemos levar mais 2 pessoas (m\u00e1ximo de 12) por US$ 4.000 por pessoa extra.<\/p>\n\t\t\t\t\t\t\t\t<\/div>\n\t\t\t\t\t<\/div>\n\t\t\t\t<\/div>\n\t\t\t\t<\/div>\n\t\t\t\t<div data-elementor-type=\"loop-item\" data-elementor-id=\"212\" class=\"elementor elementor-212 e-loop-item e-loop-item-66 post-66 trip type-trip status-publish has-post-thumbnail hentry activitie-tourism destination-bingin trip-type-hotels\" data-elementor-post-type=\"elementor_library\" data-custom-edit-handle=\"1\">\n\t\t\t<div class=\"elementor-element elementor-element-a5b139a e-flex e-con-boxed e-con e-parent\" data-id=\"a5b139a\" data-element_type=\"container\" data-e-type=\"container\">\n\t\t\t\t\t<div class=\"e-con-inner\">\n\t\t\t\t<div class=\"elementor-element elementor-element-8c98a4e elementor-widget elementor-widget-theme-post-featured-image elementor-widget-image\" data-id=\"8c98a4e\" data-element_type=\"widget\" data-e-type=\"widget\" data-widget_type=\"theme-post-featured-image.default\">\n\t\t\t\t\t\t\t\t\t\t\t\t\t\t\t<img decoding=\"async\" width=\"800\" height=\"600\" src=\"https:\/\/renanpolonia.com.br\/trip\/wp-content\/uploads\/2025\/11\/79183410_10157546562116352_5520862717327441920_n_10157546562111352.jpg\" class=\"attachment-large size-large wp-image-272\" alt=\"\" srcset=\"https:\/\/renanpolonia.com.br\/trip\/wp-content\/uploads\/2025\/11\/79183410_10157546562116352_5520862717327441920_n_10157546562111352.jpg 960w, https:\/\/renanpolonia.com.br\/trip\/wp-content\/uploads\/2025\/11\/79183410_10157546562116352_5520862717327441920_n_10157546562111352-300x225.jpg 300w, https:\/\/renanpolonia.com.br\/trip\/wp-content\/uploads\/2025\/11\/79183410_10157546562116352_5520862717327441920_n_10157546562111352-768x576.jpg 768w\" sizes=\"(max-width: 800px) 100vw, 800px\" \/>\t\t\t\t\t\t\t\t\t\t\t\t\t\t\t<\/div>\n\t\t\t\t<div class=\"elementor-element elementor-element-ca06fdd elementor-widget elementor-widget-heading\" data-id=\"ca06fdd\" data-element_type=\"widget\" data-e-type=\"widget\" data-widget_type=\"heading.default\">\n\t\t\t\t\t<h2 class=\"elementor-heading-title elementor-size-default\">Adi Bungalows<\/h2>\t\t\t\t<\/div>\n\t\t\t\t<div class=\"elementor-element elementor-element-6d6da33 elementor-widget elementor-widget-text-editor\" data-id=\"6d6da33\" data-element_type=\"widget\" data-e-type=\"widget\" data-widget_type=\"text-editor.default\">\n\t\t\t\t\t\t\t\t\t<p>Localizado em Bingin, a uma curta dist\u00e2ncia do topo da fal\u00e9sia, para descer at\u00e9 a praia e \u00f3timos restaurantes nas proximidades. Contate-nos para mais detalhes.<\/p>\n\t\t\t\t\t\t\t\t<\/div>\n\t\t\t\t\t<\/div>\n\t\t\t\t<\/div>\n\t\t\t\t<\/div>\n\t\t\t\t<div data-elementor-type=\"loop-item\" data-elementor-id=\"212\" class=\"elementor elementor-212 e-loop-item e-loop-item-39 post-39 trip type-trip status-publish has-post-thumbnail hentry activitie-kitesurfing activitie-surfing destination-lakey-peak trip-type-hotels\" data-elementor-post-type=\"elementor_library\" data-custom-edit-handle=\"1\">\n\t\t\t<div class=\"elementor-element elementor-element-a5b139a e-flex e-con-boxed e-con e-parent\" data-id=\"a5b139a\" data-element_type=\"container\" data-e-type=\"container\">\n\t\t\t\t\t<div class=\"e-con-inner\">\n\t\t\t\t<div class=\"elementor-element elementor-element-8c98a4e elementor-widget elementor-widget-theme-post-featured-image elementor-widget-image\" data-id=\"8c98a4e\" data-element_type=\"widget\" data-e-type=\"widget\" data-widget_type=\"theme-post-featured-image.default\">\n\t\t\t\t\t\t\t\t\t\t\t\t\t\t\t<img decoding=\"async\" width=\"800\" height=\"450\" src=\"https:\/\/renanpolonia.com.br\/trip\/wp-content\/uploads\/2025\/11\/Aman-Gati-hotel-1024x576.jpg\" class=\"attachment-large size-large wp-image-409\" alt=\"\" srcset=\"https:\/\/renanpolonia.com.br\/trip\/wp-content\/uploads\/2025\/11\/Aman-Gati-hotel-1024x576.jpg 1024w, https:\/\/renanpolonia.com.br\/trip\/wp-content\/uploads\/2025\/11\/Aman-Gati-hotel-300x169.jpg 300w, https:\/\/renanpolonia.com.br\/trip\/wp-content\/uploads\/2025\/11\/Aman-Gati-hotel-768x432.jpg 768w, https:\/\/renanpolonia.com.br\/trip\/wp-content\/uploads\/2025\/11\/Aman-Gati-hotel.jpg 1080w\" sizes=\"(max-width: 800px) 100vw, 800px\" \/>\t\t\t\t\t\t\t\t\t\t\t\t\t\t\t<\/div>\n\t\t\t\t<div class=\"elementor-element elementor-element-ca06fdd elementor-widget elementor-widget-heading\" data-id=\"ca06fdd\" data-element_type=\"widget\" data-e-type=\"widget\" data-widget_type=\"heading.default\">\n\t\t\t\t\t<h2 class=\"elementor-heading-title elementor-size-default\">Aman Gati Hotel<\/h2>\t\t\t\t<\/div>\n\t\t\t\t<div class=\"elementor-element elementor-element-6d6da33 elementor-widget elementor-widget-text-editor\" data-id=\"6d6da33\" data-element_type=\"widget\" data-e-type=\"widget\" data-widget_type=\"text-editor.default\">\n\t\t\t\t\t\t\t\t\t<p>O melhor hotel e restaurante de Lakey Peak, localizado em frente \u00e0 onda de Lakey Peak.<br \/>\nO local tamb\u00e9m \u00e9 muito famoso entre os praticantes de kitesurf, pois todos os dias, ao meio-dia, os ventos uivantes cruzam a ba\u00eda e tornam as condi\u00e7\u00f5es perfeitas para o kitesurf nas ondas.<\/p>\n\t\t\t\t\t\t\t\t<\/div>\n\t\t\t\t\t<\/div>\n\t\t\t\t<\/div>\n\t\t\t\t<\/div>\n\t\t\t\t<\/div>\n\t\t\n\t\t\t\t\t\t<\/div>\n\t\t\t\t<\/div>\n\t\t\t\t\t<\/div>\n\t\t\t\t<\/div>\n\t\t\t\t<\/div>\n\t\t","protected":false},"excerpt":{"rendered":"<p>Bali \u2013 The Island of GodsBest Surf TripsG-land We are all here at your services for everything.<\/p>\n","protected":false},"author":1,"featured_media":0,"parent":0,"menu_order":0,"comment_status":"closed","ping_status":"open","template":"","meta":{"_acf_changed":false,"footnotes":""},"class_list":["post-2","page","type-page","status-publish","hentry"],"acf":[],"_links":{"self":[{"href":"https:\/\/renanpolonia.com.br\/trip\/wp-json\/wp\/v2\/pages\/2","targetHints":{"allow":["GET"]}}],"collection":[{"href":"https:\/\/renanpolonia.com.br\/trip\/wp-json\/wp\/v2\/pages"}],"about":[{"href":"https:\/\/renanpolonia.com.br\/trip\/wp-json\/wp\/v2\/types\/page"}],"author":[{"embeddable":true,"href":"https:\/\/renanpolonia.com.br\/trip\/wp-json\/wp\/v2\/users\/1"}],"replies":[{"embeddable":true,"href":"https:\/\/renanpolonia.com.br\/trip\/wp-json\/wp\/v2\/comments?post=2"}],"version-history":[{"count":24,"href":"https:\/\/renanpolonia.com.br\/trip\/wp-json\/wp\/v2\/pages\/2\/revisions"}],"predecessor-version":[{"id":245,"href":"https:\/\/renanpolonia.com.br\/trip\/wp-json\/wp\/v2\/pages\/2\/revisions\/245"}],"wp:attachment":[{"href":"https:\/\/renanpolonia.com.br\/trip\/wp-json\/wp\/v2\/media?parent=2"}],"curies":[{"name":"wp","href":"https:\/\/api.w.org\/{rel}","templated":true}]}}